{"id":2,"date":"2022-03-12T21:11:18","date_gmt":"2022-03-12T21:11:18","guid":{"rendered":"http:\/\/diverocio.es\/?page_id=2"},"modified":"2024-05-28T11:03:33","modified_gmt":"2024-05-28T11:03:33","slug":"pagina-ejemplo","status":"publish","type":"page","link":"https:\/\/diverocio.es\/?page_id=2","title":{"rendered":"Sobre nosotros"},"content":{"rendered":"\n<p>Somos una empresa de oferta de ocio y tiempo libre y educaci\u00f3n. Ofertamos hinchables, fiestas acu\u00e1ticas, dinamizaciones, monitores y fiestas infantiles para administraciones p\u00fablicas. Tambi\u00e9n somos expertos y con experiencia en actividades extraescolares para centros educativos. Organizamos actividades para cumplea\u00f1os, comuniones y bodas.<\/p>\n\n\n\n\n\n<figure class=\"wp-block-image size-large\"><img data-recalc-dims=\"1\" loading=\"lazy\" decoding=\"async\" width=\"1024\" height=\"768\" src=\"https:\/\/i0.wp.com\/diverocio.es\/wp-content\/uploads\/2024\/05\/WhatsApp-Image-2024-05-23-at-11.10.42.jpeg?resize=1024%2C768\" alt=\"\" class=\"wp-image-488\" srcset=\"https:\/\/i0.wp.com\/diverocio.es\/wp-content\/uploads\/2024\/05\/WhatsApp-Image-2024-05-23-at-11.10.42.jpeg?resize=1024%2C768&amp;ssl=1 1024w, https:\/\/i0.wp.com\/diverocio.es\/wp-content\/uploads\/2024\/05\/WhatsApp-Image-2024-05-23-at-11.10.42.jpeg?resize=300%2C225&amp;ssl=1 300w, https:\/\/i0.wp.com\/diverocio.es\/wp-content\/uploads\/2024\/05\/WhatsApp-Image-2024-05-23-at-11.10.42.jpeg?resize=768%2C576&amp;ssl=1 768w, https:\/\/i0.wp.com\/diverocio.es\/wp-content\/uploads\/2024\/05\/WhatsApp-Image-2024-05-23-at-11.10.42.jpeg?resize=1536%2C1152&amp;ssl=1 1536w, https:\/\/i0.wp.com\/diverocio.es\/wp-content\/uploads\/2024\/05\/WhatsApp-Image-2024-05-23-at-11.10.42.jpeg?w=2000&amp;ssl=1 2000w\" sizes=\"auto, (max-width: 1000px) 100vw, 1000px\" \/><\/figure>\n\n\n\n<div class=\"wp-block-columns is-layout-flex wp-container-core-columns-is-layout-9d6595d7 wp-block-columns-is-layout-flex\">\n<div class=\"wp-block-column is-layout-flow wp-block-column-is-layout-flow\">\n<figure class=\"wp-block-image size-full\"><img data-recalc-dims=\"1\" loading=\"lazy\" decoding=\"async\" width=\"1200\" height=\"1600\" src=\"https:\/\/i0.wp.com\/diverocio.es\/wp-content\/uploads\/2024\/05\/diver2.jpg?resize=1200%2C1600\" alt=\"\" class=\"wp-image-495\" srcset=\"https:\/\/i0.wp.com\/diverocio.es\/wp-content\/uploads\/2024\/05\/diver2.jpg?w=1200&amp;ssl=1 1200w, https:\/\/i0.wp.com\/diverocio.es\/wp-content\/uploads\/2024\/05\/diver2.jpg?resize=225%2C300&amp;ssl=1 225w, https:\/\/i0.wp.com\/diverocio.es\/wp-content\/uploads\/2024\/05\/diver2.jpg?resize=768%2C1024&amp;ssl=1 768w, https:\/\/i0.wp.com\/diverocio.es\/wp-content\/uploads\/2024\/05\/diver2.jpg?resize=1152%2C1536&amp;ssl=1 1152w\" sizes=\"auto, (max-width: 1000px) 100vw, 1000px\" \/><\/figure>\n<\/div>\n\n\n\n<div class=\"wp-block-column is-layout-flow wp-block-column-is-layout-flow\">\n<figure class=\"wp-block-image size-full\"><img data-recalc-dims=\"1\" loading=\"lazy\" decoding=\"async\" width=\"1600\" height=\"1200\" src=\"https:\/\/i0.wp.com\/diverocio.es\/wp-content\/uploads\/2022\/04\/WhatsApp-Image-2022-04-08-at-8.58.54-PM-1.jpeg?resize=1600%2C1200\" alt=\"\" class=\"wp-image-285\" srcset=\"https:\/\/i0.wp.com\/diverocio.es\/wp-content\/uploads\/2022\/04\/WhatsApp-Image-2022-04-08-at-8.58.54-PM-1.jpeg?w=1600&amp;ssl=1 1600w, https:\/\/i0.wp.com\/diverocio.es\/wp-content\/uploads\/2022\/04\/WhatsApp-Image-2022-04-08-at-8.58.54-PM-1.jpeg?resize=300%2C225&amp;ssl=1 300w, https:\/\/i0.wp.com\/diverocio.es\/wp-content\/uploads\/2022\/04\/WhatsApp-Image-2022-04-08-at-8.58.54-PM-1.jpeg?resize=1024%2C768&amp;ssl=1 1024w, https:\/\/i0.wp.com\/diverocio.es\/wp-content\/uploads\/2022\/04\/WhatsApp-Image-2022-04-08-at-8.58.54-PM-1.jpeg?resize=768%2C576&amp;ssl=1 768w, https:\/\/i0.wp.com\/diverocio.es\/wp-content\/uploads\/2022\/04\/WhatsApp-Image-2022-04-08-at-8.58.54-PM-1.jpeg?resize=1536%2C1152&amp;ssl=1 1536w\" sizes=\"auto, (max-width: 1000px) 100vw, 1000px\" \/><\/figure>\n<\/div>\n<\/div>\n\n\n\n<div class=\"wp-block-columns is-layout-flex wp-container-core-columns-is-layout-9d6595d7 wp-block-columns-is-layout-flex\">\n<div class=\"wp-block-column is-layout-flow wp-block-column-is-layout-flow\">\n<figure class=\"wp-block-image size-full\"><img data-recalc-dims=\"1\" loading=\"lazy\" decoding=\"async\" width=\"960\" height=\"640\" src=\"https:\/\/i0.wp.com\/diverocio.es\/wp-content\/uploads\/2022\/03\/img-7576_1_130709-1560766561.jpeg?resize=960%2C640\" alt=\"\" class=\"wp-image-87\" srcset=\"https:\/\/i0.wp.com\/diverocio.es\/wp-content\/uploads\/2022\/03\/img-7576_1_130709-1560766561.jpeg?w=960&amp;ssl=1 960w, https:\/\/i0.wp.com\/diverocio.es\/wp-content\/uploads\/2022\/03\/img-7576_1_130709-1560766561.jpeg?resize=300%2C200&amp;ssl=1 300w, https:\/\/i0.wp.com\/diverocio.es\/wp-content\/uploads\/2022\/03\/img-7576_1_130709-1560766561.jpeg?resize=768%2C512&amp;ssl=1 768w\" sizes=\"auto, (max-width: 960px) 100vw, 960px\" \/><\/figure>\n<\/div>\n\n\n\n<div class=\"wp-block-column is-layout-flow wp-block-column-is-layout-flow\">\n<figure class=\"wp-block-image size-full\"><img data-recalc-dims=\"1\" loading=\"lazy\" decoding=\"async\" width=\"960\" height=\"640\" src=\"https:\/\/i0.wp.com\/diverocio.es\/wp-content\/uploads\/2022\/03\/img-7554_1_130709-1560766562.jpeg?resize=960%2C640\" alt=\"\" class=\"wp-image-86\" srcset=\"https:\/\/i0.wp.com\/diverocio.es\/wp-content\/uploads\/2022\/03\/img-7554_1_130709-1560766562.jpeg?w=960&amp;ssl=1 960w, https:\/\/i0.wp.com\/diverocio.es\/wp-content\/uploads\/2022\/03\/img-7554_1_130709-1560766562.jpeg?resize=300%2C200&amp;ssl=1 300w, https:\/\/i0.wp.com\/diverocio.es\/wp-content\/uploads\/2022\/03\/img-7554_1_130709-1560766562.jpeg?resize=768%2C512&amp;ssl=1 768w\" sizes=\"auto, (max-width: 960px) 100vw, 960px\" \/><\/figure>\n<\/div>\n<\/div>\n\n\n\n<div class=\"wp-block-columns is-layout-flex wp-container-core-columns-is-layout-9d6595d7 wp-block-columns-is-layout-flex\">\n<div class=\"wp-block-column is-layout-flow wp-block-column-is-layout-flow\">\n<figure class=\"wp-block-image size-full\"><img data-recalc-dims=\"1\" loading=\"lazy\" decoding=\"async\" width=\"1600\" height=\"800\" src=\"https:\/\/i0.wp.com\/diverocio.es\/wp-content\/uploads\/2024\/05\/WhatsApp-Image-2023-12-30-at-19.00.50.jpeg?resize=1600%2C800&#038;ssl=1\" alt=\"\" class=\"wp-image-508\" srcset=\"https:\/\/i0.wp.com\/diverocio.es\/wp-content\/uploads\/2024\/05\/WhatsApp-Image-2023-12-30-at-19.00.50.jpeg?w=1600&amp;ssl=1 1600w, https:\/\/i0.wp.com\/diverocio.es\/wp-content\/uploads\/2024\/05\/WhatsApp-Image-2023-12-30-at-19.00.50.jpeg?resize=300%2C150&amp;ssl=1 300w, https:\/\/i0.wp.com\/diverocio.es\/wp-content\/uploads\/2024\/05\/WhatsApp-Image-2023-12-30-at-19.00.50.jpeg?resize=1024%2C512&amp;ssl=1 1024w, https:\/\/i0.wp.com\/diverocio.es\/wp-content\/uploads\/2024\/05\/WhatsApp-Image-2023-12-30-at-19.00.50.jpeg?resize=768%2C384&amp;ssl=1 768w, https:\/\/i0.wp.com\/diverocio.es\/wp-content\/uploads\/2024\/05\/WhatsApp-Image-2023-12-30-at-19.00.50.jpeg?resize=1536%2C768&amp;ssl=1 1536w\" sizes=\"auto, (max-width: 1000px) 100vw, 1000px\" \/><\/figure>\n\n\n\n<figure class=\"wp-block-image size-large\"><img data-recalc-dims=\"1\" loading=\"lazy\" decoding=\"async\" width=\"768\" height=\"1024\" src=\"https:\/\/i0.wp.com\/diverocio.es\/wp-content\/uploads\/2022\/04\/WhatsApp-Image-2022-04-06-at-10.41.54-AM-1.jpeg?resize=768%2C1024\" alt=\"\" class=\"wp-image-254\" srcset=\"https:\/\/i0.wp.com\/diverocio.es\/wp-content\/uploads\/2022\/04\/WhatsApp-Image-2022-04-06-at-10.41.54-AM-1.jpeg?resize=768%2C1024&amp;ssl=1 768w, https:\/\/i0.wp.com\/diverocio.es\/wp-content\/uploads\/2022\/04\/WhatsApp-Image-2022-04-06-at-10.41.54-AM-1.jpeg?resize=225%2C300&amp;ssl=1 225w, https:\/\/i0.wp.com\/diverocio.es\/wp-content\/uploads\/2022\/04\/WhatsApp-Image-2022-04-06-at-10.41.54-AM-1.jpeg?resize=1152%2C1536&amp;ssl=1 1152w, https:\/\/i0.wp.com\/diverocio.es\/wp-content\/uploads\/2022\/04\/WhatsApp-Image-2022-04-06-at-10.41.54-AM-1.jpeg?w=1200&amp;ssl=1 1200w\" sizes=\"auto, (max-width: 768px) 100vw, 768px\" \/><\/figure>\n<\/div>\n\n\n\n<div class=\"wp-block-column is-layout-flow wp-block-column-is-layout-flow\">\n<figure class=\"wp-block-image size-full\"><img data-recalc-dims=\"1\" loading=\"lazy\" decoding=\"async\" width=\"1600\" height=\"1200\" src=\"https:\/\/i0.wp.com\/diverocio.es\/wp-content\/uploads\/2024\/05\/acuaticac.jpg?resize=1600%2C1200&#038;ssl=1\" alt=\"\" class=\"wp-image-509\" srcset=\"https:\/\/i0.wp.com\/diverocio.es\/wp-content\/uploads\/2024\/05\/acuaticac.jpg?w=1600&amp;ssl=1 1600w, https:\/\/i0.wp.com\/diverocio.es\/wp-content\/uploads\/2024\/05\/acuaticac.jpg?resize=300%2C225&amp;ssl=1 300w, https:\/\/i0.wp.com\/diverocio.es\/wp-content\/uploads\/2024\/05\/acuaticac.jpg?resize=1024%2C768&amp;ssl=1 1024w, https:\/\/i0.wp.com\/diverocio.es\/wp-content\/uploads\/2024\/05\/acuaticac.jpg?resize=768%2C576&amp;ssl=1 768w, https:\/\/i0.wp.com\/diverocio.es\/wp-content\/uploads\/2024\/05\/acuaticac.jpg?resize=1536%2C1152&amp;ssl=1 1536w\" sizes=\"auto, (max-width: 1000px) 100vw, 1000px\" \/><\/figure>\n\n\n\n<figure class=\"wp-block-image size-large\"><img data-recalc-dims=\"1\" loading=\"lazy\" decoding=\"async\" width=\"1024\" height=\"768\" src=\"https:\/\/i0.wp.com\/diverocio.es\/wp-content\/uploads\/2024\/05\/toro-1024x768.jpg?resize=1024%2C768&#038;ssl=1\" alt=\"\" class=\"wp-image-510\" srcset=\"https:\/\/i0.wp.com\/diverocio.es\/wp-content\/uploads\/2024\/05\/toro.jpg?resize=1024%2C768&amp;ssl=1 1024w, https:\/\/i0.wp.com\/diverocio.es\/wp-content\/uploads\/2024\/05\/toro.jpg?resize=300%2C225&amp;ssl=1 300w, https:\/\/i0.wp.com\/diverocio.es\/wp-content\/uploads\/2024\/05\/toro.jpg?resize=768%2C576&amp;ssl=1 768w, https:\/\/i0.wp.com\/diverocio.es\/wp-content\/uploads\/2024\/05\/toro.jpg?resize=1536%2C1152&amp;ssl=1 1536w, https:\/\/i0.wp.com\/diverocio.es\/wp-content\/uploads\/2024\/05\/toro.jpg?w=2000&amp;ssl=1 2000w\" sizes=\"auto, (max-width: 1000px) 100vw, 1000px\" \/><\/figure>\n\n\n\n<figure class=\"wp-block-image size-large\"><img data-recalc-dims=\"1\" loading=\"lazy\" decoding=\"async\" width=\"768\" height=\"1024\" src=\"https:\/\/i0.wp.com\/diverocio.es\/wp-content\/uploads\/2022\/04\/WhatsApp-Image-2022-04-06-at-10.41.49-AM.jpeg?resize=768%2C1024\" alt=\"\" class=\"wp-image-228\" srcset=\"https:\/\/i0.wp.com\/diverocio.es\/wp-content\/uploads\/2022\/04\/WhatsApp-Image-2022-04-06-at-10.41.49-AM.jpeg?resize=768%2C1024&amp;ssl=1 768w, https:\/\/i0.wp.com\/diverocio.es\/wp-content\/uploads\/2022\/04\/WhatsApp-Image-2022-04-06-at-10.41.49-AM.jpeg?resize=225%2C300&amp;ssl=1 225w, https:\/\/i0.wp.com\/diverocio.es\/wp-content\/uploads\/2022\/04\/WhatsApp-Image-2022-04-06-at-10.41.49-AM.jpeg?resize=1152%2C1536&amp;ssl=1 1152w, https:\/\/i0.wp.com\/diverocio.es\/wp-content\/uploads\/2022\/04\/WhatsApp-Image-2022-04-06-at-10.41.49-AM.jpeg?w=1200&amp;ssl=1 1200w\" sizes=\"auto, (max-width: 768px) 100vw, 768px\" \/><\/figure>\n<\/div>\n<\/div>\n\n\n\n<figure class=\"wp-block-image size-large\"><img data-recalc-dims=\"1\" loading=\"lazy\" decoding=\"async\" width=\"1024\" height=\"768\" src=\"https:\/\/i0.wp.com\/diverocio.es\/wp-content\/uploads\/2024\/05\/WhatsApp-Image-2024-05-23-at-11.10.59-1.jpeg?resize=1024%2C768\" alt=\"\" class=\"wp-image-489\" srcset=\"https:\/\/i0.wp.com\/diverocio.es\/wp-content\/uploads\/2024\/05\/WhatsApp-Image-2024-05-23-at-11.10.59-1.jpeg?resize=1024%2C768&amp;ssl=1 1024w, https:\/\/i0.wp.com\/diverocio.es\/wp-content\/uploads\/2024\/05\/WhatsApp-Image-2024-05-23-at-11.10.59-1.jpeg?resize=300%2C225&amp;ssl=1 300w, https:\/\/i0.wp.com\/diverocio.es\/wp-content\/uploads\/2024\/05\/WhatsApp-Image-2024-05-23-at-11.10.59-1.jpeg?resize=768%2C576&amp;ssl=1 768w, https:\/\/i0.wp.com\/diverocio.es\/wp-content\/uploads\/2024\/05\/WhatsApp-Image-2024-05-23-at-11.10.59-1.jpeg?resize=1536%2C1152&amp;ssl=1 1536w, https:\/\/i0.wp.com\/diverocio.es\/wp-content\/uploads\/2024\/05\/WhatsApp-Image-2024-05-23-at-11.10.59-1.jpeg?w=1600&amp;ssl=1 1600w\" sizes=\"auto, (max-width: 1000px) 100vw, 1000px\" \/><\/figure>\n","protected":false},"excerpt":{"rendered":"<p>Somos una empresa de oferta de ocio y tiempo libre y educaci\u00f3n. Ofertamos hinchables, fiestas acu\u00e1ticas, dinamizaciones, monitores y fiestas infantiles para administraciones p\u00fablicas. Tambi\u00e9n somos expertos y con experiencia en actividades extraescolares para centros educativos. Organizamos actividades para cumplea\u00f1os, comuniones y bodas.<\/p>\n","protected":false},"author":1,"featured_media":0,"parent":0,"menu_order":0,"comment_status":"closed","ping_status":"open","template":"","meta":{"footnotes":""},"class_list":["post-2","page","type-page","status-publish","hentry"],"yoast_head":"<!-- This site is optimized with the Yoast SEO plugin v24.9 - https:\/\/yoast.com\/wordpress\/plugins\/seo\/ -->\n<title>Sobre nosotros - diverocio<\/title>\n<meta name=\"robots\" content=\"index, follow, max-snippet:-1, max-image-preview:large, max-video-preview:-1\" \/>\n<link rel=\"canonical\" href=\"https:\/\/diverocio.es\/?page_id=2\" \/>\n<meta property=\"og:locale\" content=\"es_ES\" \/>\n<meta property=\"og:type\" content=\"article\" \/>\n<meta property=\"og:title\" content=\"Sobre nosotros - diverocio\" \/>\n<meta property=\"og:description\" content=\"Somos una empresa de oferta de ocio y tiempo libre y educaci\u00f3n. Ofertamos hinchables, fiestas acu\u00e1ticas, dinamizaciones, monitores y fiestas infantiles para administraciones p\u00fablicas. Tambi\u00e9n somos expertos y con experiencia en actividades extraescolares para centros educativos. Organizamos actividades para cumplea\u00f1os, comuniones y bodas.\" \/>\n<meta property=\"og:url\" content=\"https:\/\/diverocio.es\/?page_id=2\" \/>\n<meta property=\"og:site_name\" content=\"diverocio\" \/>\n<meta property=\"article:publisher\" content=\"https:\/\/www.facebook.com\/Diverocio-107388785275294\" \/>\n<meta property=\"article:modified_time\" content=\"2024-05-28T11:03:33+00:00\" \/>\n<meta property=\"og:image\" content=\"http:\/\/diverocio.es\/wp-content\/uploads\/2024\/05\/WhatsApp-Image-2024-05-23-at-11.10.42-1024x768.jpeg\" \/>\n<meta name=\"twitter:card\" content=\"summary_large_image\" \/>\n<script type=\"application\/ld+json\" class=\"yoast-schema-graph\">{\"@context\":\"https:\/\/schema.org\",\"@graph\":[{\"@type\":\"WebPage\",\"@id\":\"https:\/\/diverocio.es\/?page_id=2\",\"url\":\"https:\/\/diverocio.es\/?page_id=2\",\"name\":\"Sobre nosotros - diverocio\",\"isPartOf\":{\"@id\":\"https:\/\/diverocio.es\/#website\"},\"primaryImageOfPage\":{\"@id\":\"https:\/\/diverocio.es\/?page_id=2#primaryimage\"},\"image\":{\"@id\":\"https:\/\/diverocio.es\/?page_id=2#primaryimage\"},\"thumbnailUrl\":\"http:\/\/diverocio.es\/wp-content\/uploads\/2024\/05\/WhatsApp-Image-2024-05-23-at-11.10.42-1024x768.jpeg\",\"datePublished\":\"2022-03-12T21:11:18+00:00\",\"dateModified\":\"2024-05-28T11:03:33+00:00\",\"breadcrumb\":{\"@id\":\"https:\/\/diverocio.es\/?page_id=2#breadcrumb\"},\"inLanguage\":\"es\",\"potentialAction\":[{\"@type\":\"ReadAction\",\"target\":[\"https:\/\/diverocio.es\/?page_id=2\"]}]},{\"@type\":\"ImageObject\",\"inLanguage\":\"es\",\"@id\":\"https:\/\/diverocio.es\/?page_id=2#primaryimage\",\"url\":\"http:\/\/diverocio.es\/wp-content\/uploads\/2024\/05\/WhatsApp-Image-2024-05-23-at-11.10.42-1024x768.jpeg\",\"contentUrl\":\"http:\/\/diverocio.es\/wp-content\/uploads\/2024\/05\/WhatsApp-Image-2024-05-23-at-11.10.42-1024x768.jpeg\"},{\"@type\":\"BreadcrumbList\",\"@id\":\"https:\/\/diverocio.es\/?page_id=2#breadcrumb\",\"itemListElement\":[{\"@type\":\"ListItem\",\"position\":1,\"name\":\"Portada\",\"item\":\"https:\/\/diverocio.es\/\"},{\"@type\":\"ListItem\",\"position\":2,\"name\":\"Sobre nosotros\"}]},{\"@type\":\"WebSite\",\"@id\":\"https:\/\/diverocio.es\/#website\",\"url\":\"https:\/\/diverocio.es\/\",\"name\":\"diverocio\",\"description\":\"Empresa de actividades de ocio y educaci\u00f3n\",\"publisher\":{\"@id\":\"https:\/\/diverocio.es\/#organization\"},\"potentialAction\":[{\"@type\":\"SearchAction\",\"target\":{\"@type\":\"EntryPoint\",\"urlTemplate\":\"https:\/\/diverocio.es\/?s={search_term_string}\"},\"query-input\":{\"@type\":\"PropertyValueSpecification\",\"valueRequired\":true,\"valueName\":\"search_term_string\"}}],\"inLanguage\":\"es\"},{\"@type\":\"Organization\",\"@id\":\"https:\/\/diverocio.es\/#organization\",\"name\":\"Diverocio\",\"url\":\"https:\/\/diverocio.es\/\",\"logo\":{\"@type\":\"ImageObject\",\"inLanguage\":\"es\",\"@id\":\"https:\/\/diverocio.es\/#\/schema\/logo\/image\/\",\"url\":\"http:\/\/diverocio.es\/wp-content\/uploads\/2022\/03\/cropped-diverocio.png\",\"contentUrl\":\"http:\/\/diverocio.es\/wp-content\/uploads\/2022\/03\/cropped-diverocio.png\",\"width\":2476,\"height\":2476,\"caption\":\"Diverocio\"},\"image\":{\"@id\":\"https:\/\/diverocio.es\/#\/schema\/logo\/image\/\"},\"sameAs\":[\"https:\/\/www.facebook.com\/Diverocio-107388785275294\"]}]}<\/script>\n<!-- \/ Yoast SEO plugin. -->","yoast_head_json":{"title":"Sobre nosotros - diverocio","robots":{"index":"index","follow":"follow","max-snippet":"max-snippet:-1","max-image-preview":"max-image-preview:large","max-video-preview":"max-video-preview:-1"},"canonical":"https:\/\/diverocio.es\/?page_id=2","og_locale":"es_ES","og_type":"article","og_title":"Sobre nosotros - diverocio","og_description":"Somos una empresa de oferta de ocio y tiempo libre y educaci\u00f3n. Ofertamos hinchables, fiestas acu\u00e1ticas, dinamizaciones, monitores y fiestas infantiles para administraciones p\u00fablicas. Tambi\u00e9n somos expertos y con experiencia en actividades extraescolares para centros educativos. Organizamos actividades para cumplea\u00f1os, comuniones y bodas.","og_url":"https:\/\/diverocio.es\/?page_id=2","og_site_name":"diverocio","article_publisher":"https:\/\/www.facebook.com\/Diverocio-107388785275294","article_modified_time":"2024-05-28T11:03:33+00:00","og_image":[{"url":"http:\/\/diverocio.es\/wp-content\/uploads\/2024\/05\/WhatsApp-Image-2024-05-23-at-11.10.42-1024x768.jpeg","type":"","width":"","height":""}],"twitter_card":"summary_large_image","schema":{"@context":"https:\/\/schema.org","@graph":[{"@type":"WebPage","@id":"https:\/\/diverocio.es\/?page_id=2","url":"https:\/\/diverocio.es\/?page_id=2","name":"Sobre nosotros - diverocio","isPartOf":{"@id":"https:\/\/diverocio.es\/#website"},"primaryImageOfPage":{"@id":"https:\/\/diverocio.es\/?page_id=2#primaryimage"},"image":{"@id":"https:\/\/diverocio.es\/?page_id=2#primaryimage"},"thumbnailUrl":"http:\/\/diverocio.es\/wp-content\/uploads\/2024\/05\/WhatsApp-Image-2024-05-23-at-11.10.42-1024x768.jpeg","datePublished":"2022-03-12T21:11:18+00:00","dateModified":"2024-05-28T11:03:33+00:00","breadcrumb":{"@id":"https:\/\/diverocio.es\/?page_id=2#breadcrumb"},"inLanguage":"es","potentialAction":[{"@type":"ReadAction","target":["https:\/\/diverocio.es\/?page_id=2"]}]},{"@type":"ImageObject","inLanguage":"es","@id":"https:\/\/diverocio.es\/?page_id=2#primaryimage","url":"http:\/\/diverocio.es\/wp-content\/uploads\/2024\/05\/WhatsApp-Image-2024-05-23-at-11.10.42-1024x768.jpeg","contentUrl":"http:\/\/diverocio.es\/wp-content\/uploads\/2024\/05\/WhatsApp-Image-2024-05-23-at-11.10.42-1024x768.jpeg"},{"@type":"BreadcrumbList","@id":"https:\/\/diverocio.es\/?page_id=2#breadcrumb","itemListElement":[{"@type":"ListItem","position":1,"name":"Portada","item":"https:\/\/diverocio.es\/"},{"@type":"ListItem","position":2,"name":"Sobre nosotros"}]},{"@type":"WebSite","@id":"https:\/\/diverocio.es\/#website","url":"https:\/\/diverocio.es\/","name":"diverocio","description":"Empresa de actividades de ocio y educaci\u00f3n","publisher":{"@id":"https:\/\/diverocio.es\/#organization"},"potentialAction":[{"@type":"SearchAction","target":{"@type":"EntryPoint","urlTemplate":"https:\/\/diverocio.es\/?s={search_term_string}"},"query-input":{"@type":"PropertyValueSpecification","valueRequired":true,"valueName":"search_term_string"}}],"inLanguage":"es"},{"@type":"Organization","@id":"https:\/\/diverocio.es\/#organization","name":"Diverocio","url":"https:\/\/diverocio.es\/","logo":{"@type":"ImageObject","inLanguage":"es","@id":"https:\/\/diverocio.es\/#\/schema\/logo\/image\/","url":"http:\/\/diverocio.es\/wp-content\/uploads\/2022\/03\/cropped-diverocio.png","contentUrl":"http:\/\/diverocio.es\/wp-content\/uploads\/2022\/03\/cropped-diverocio.png","width":2476,"height":2476,"caption":"Diverocio"},"image":{"@id":"https:\/\/diverocio.es\/#\/schema\/logo\/image\/"},"sameAs":["https:\/\/www.facebook.com\/Diverocio-107388785275294"]}]}},"jetpack-related-posts":[],"jetpack_sharing_enabled":true,"_links":{"self":[{"href":"https:\/\/diverocio.es\/index.php?rest_route=\/wp\/v2\/pages\/2","targetHints":{"allow":["GET"]}}],"collection":[{"href":"https:\/\/diverocio.es\/index.php?rest_route=\/wp\/v2\/pages"}],"about":[{"href":"https:\/\/diverocio.es\/index.php?rest_route=\/wp\/v2\/types\/page"}],"author":[{"embeddable":true,"href":"https:\/\/diverocio.es\/index.php?rest_route=\/wp\/v2\/users\/1"}],"replies":[{"embeddable":true,"href":"https:\/\/diverocio.es\/index.php?rest_route=%2Fwp%2Fv2%2Fcomments&post=2"}],"version-history":[{"count":4,"href":"https:\/\/diverocio.es\/index.php?rest_route=\/wp\/v2\/pages\/2\/revisions"}],"predecessor-version":[{"id":511,"href":"https:\/\/diverocio.es\/index.php?rest_route=\/wp\/v2\/pages\/2\/revisions\/511"}],"wp:attachment":[{"href":"https:\/\/diverocio.es\/index.php?rest_route=%2Fwp%2Fv2%2Fmedia&parent=2"}],"curies":[{"name":"wp","href":"https:\/\/api.w.org\/{rel}","templated":true}]}}